{"id":4116,"date":"2023-04-03T22:46:35","date_gmt":"2023-04-03T22:46:35","guid":{"rendered":"https:\/\/www.sch-ar-f.ch\/?page_id=4116"},"modified":"2023-04-03T22:47:21","modified_gmt":"2023-04-03T22:47:21","slug":"veranstaltungen","status":"publish","type":"page","link":"https:\/\/www.sch-ar-f.ch\/","title":{"rendered":"Veranstaltungen"},"content":{"rendered":"      <div id=\"post-grid-lazy-4104\" class=\"post-grid-lazy\"><img decoding=\"async\" alt=\"\" src=\"\" \/><\/div>\n    <script>\n      jQuery('#post-grid-lazy-4104').ready(function($) {\n        $('#post-grid-lazy-4104').fadeOut();\n        $('#post-grid-4104   ').fadeIn();\n      })\n    <\/script>\n    <style type=\"text\/css\">\n      #post-grid-4104 {\n        display: none;\n      }\n\n      .post-grid-lazy {\n        text-align: center;\n      }\n    <\/style>\n    <div data-options='{&quot;id&quot;:&quot;4104&quot;,&quot;lazy_load&quot;:&quot;yes&quot;,&quot;masonry_enable&quot;:&quot;no&quot;,&quot;view_type&quot;:&quot;grid&quot;}' id=\"post-grid-4104\" class=\"post-grid grid\">\n    \n\n\n    <div class=\"grid-items\">\n      <div class=\"item item-6562 skin flat even 0 \">\n        <div class=\"layer-wrapper layout-4103\">\n          <div class=\"element element_1680559246507  thumb_link \">\r\n                    <a target=\"_self\" href=\"https:\/\/www.sch-ar-f.ch\/?p=6562\"><img decoding=\"async\"\r\n                    alt=\"\" src=\"https:\/\/www.sch-ar-f.ch\/wp-content\/uploads\/2026\/03\/20260401_ok_einlad_postulat_button-768x570.jpg\"><\/a>\r\n            <\/div>\r\n    <div class=\"element element_1680559362865  categories \">\r\n        <a target=\"_self\" href=\"https:\/\/www.sch-ar-f.ch\/?cat=1\">FOKUS<\/a><a target=\"_self\" href=\"https:\/\/www.sch-ar-f.ch\/?cat=14\">Veranstaltungen<\/a>    <\/div>\r\n    <div class=\"element element_1680559383601  title \">\r\n                    <a target=\"_self\"\r\n                href=\"https:\/\/www.sch-ar-f.ch\/?p=6562\">\u00abl\u2019architecture n\u2019existe pas\u00bb<\/a>\r\n            <\/div>\r\n    <div class=\"element element_1680559415617  excerpt \">\r\n        \u00abl\u2019architecture n\u2019existe pas\u00bb thematisiert das grosse Thema unserer Zeit. \u00abArchitektur\u00bb ist in aller Munde und trotzdem suchen eigentlich alle meist orientierungslos, wo und wie dieser immaterielle Begriff greifbar sein k\u00f6nnte? Ein Manifest \u00fcber Mittag.            <\/div>\r\n    <\/div>\n  <\/div><div class=\"item item-6420 skin flat odd 1 \">\n        <div class=\"layer-wrapper layout-4103\">\n          <div class=\"element element_1680559246507  thumb_link \">\r\n                    <a target=\"_self\" href=\"https:\/\/www.sch-ar-f.ch\/?p=6420\"><img decoding=\"async\"\r\n                    alt=\"\" src=\"https:\/\/www.sch-ar-f.ch\/wp-content\/uploads\/2026\/02\/03-26_SILVIO_KOeHLE_bild2_button-768x570.jpg\"><\/a>\r\n            <\/div>\r\n    <div class=\"element element_1680559362865  categories \">\r\n        <a target=\"_self\" href=\"https:\/\/www.sch-ar-f.ch\/?cat=20\">ArchitekturGespr\u00e4che<\/a><a target=\"_self\" href=\"https:\/\/www.sch-ar-f.ch\/?cat=1\">FOKUS<\/a><a target=\"_self\" href=\"https:\/\/www.sch-ar-f.ch\/?cat=14\">Veranstaltungen<\/a>    <\/div>\r\n    <div class=\"element element_1680559383601  title \">\r\n                    <a target=\"_self\"\r\n                href=\"https:\/\/www.sch-ar-f.ch\/?p=6420\">ArchitekturGespr\u00e4ch 3 (2026) \u2013 \u00abHandwerk - ein Mythos?\u00bb mit Silvio K\u00f6hle<\/a>\r\n            <\/div>\r\n    <div class=\"element element_1680559415617  excerpt \">\r\n        In der weitgehend bildschirmbasierten Architekturplanung und Designproduktion erh\u00e4lt sich die Werkstatt weissfeld einen Freiraum fu\u0308r handwerkliche Prozesse. Die N\u00e4he zum Material hat hier direkten Einfluss auf die Entwurfsqualit\u00e4t.            <\/div>\r\n    <\/div>\n  <\/div><div class=\"item item-6395 skin flat even 2 \">\n        <div class=\"layer-wrapper layout-4103\">\n          <div class=\"element element_1680559246507  thumb_link \">\r\n                    <a target=\"_self\" href=\"https:\/\/www.sch-ar-f.ch\/?p=6395\"><img decoding=\"async\"\r\n                    alt=\"\" src=\"https:\/\/www.sch-ar-f.ch\/wp-content\/uploads\/2025\/12\/button-2-26_MARKUS_SCHAEFLE_bild2-768x570.jpg\"><\/a>\r\n            <\/div>\r\n    <div class=\"element element_1680559362865  categories \">\r\n        <a target=\"_self\" href=\"https:\/\/www.sch-ar-f.ch\/?cat=20\">ArchitekturGespr\u00e4che<\/a><a target=\"_self\" href=\"https:\/\/www.sch-ar-f.ch\/?cat=1\">FOKUS<\/a><a target=\"_self\" href=\"https:\/\/www.sch-ar-f.ch\/?cat=14\">Veranstaltungen<\/a>    <\/div>\r\n    <div class=\"element element_1680559383601  title \">\r\n                    <a target=\"_self\"\r\n                href=\"https:\/\/www.sch-ar-f.ch\/?p=6395\">ArchitekturGespr\u00e4ch 2 (2026) \u2013 \u00abArchitektur und Gemeinschaft\u00bb mit Markus Schaefle<\/a>\r\n            <\/div>\r\n    <div class=\"element element_1680559415617  excerpt \">\r\n        Architektur ist das ideale Medium um die Durchl\u00e4ssigkeit von Privat zu \u00d6ffentlich zu gestalten, R\u00e4ume zu Verbinden und Gemeinschaften zu erm\u00f6glichen. Jedes Projekt stellt eine Chance dar aus komplexen Bedingungen neue Orte zu schaffen.            <\/div>\r\n    <\/div>\n  <\/div><div class=\"item item-6379 skin flat odd 3 \">\n        <div class=\"layer-wrapper layout-4103\">\n          <div class=\"element element_1680559246507  thumb_link \">\r\n                    <a target=\"_self\" href=\"https:\/\/www.sch-ar-f.ch\/?p=6379\"><img decoding=\"async\"\r\n                    alt=\"\" src=\"https:\/\/www.sch-ar-f.ch\/wp-content\/uploads\/2025\/12\/scharf-button-archgespraech-1-2026-licht-768x570.jpg\"><\/a>\r\n            <\/div>\r\n    <div class=\"element element_1680559362865  categories \">\r\n        <a target=\"_self\" href=\"https:\/\/www.sch-ar-f.ch\/?cat=20\">ArchitekturGespr\u00e4che<\/a><a target=\"_self\" href=\"https:\/\/www.sch-ar-f.ch\/?cat=1\">FOKUS<\/a><a target=\"_self\" href=\"https:\/\/www.sch-ar-f.ch\/?cat=14\">Veranstaltungen<\/a>    <\/div>\r\n    <div class=\"element element_1680559383601  title \">\r\n                    <a target=\"_self\"\r\n                href=\"https:\/\/www.sch-ar-f.ch\/?p=6379\">ArchitekturGespr\u00e4ch 1 (2026) \u2013 \u00abLicht\u00bb mit Angelika Shaba Dreher<\/a>\r\n            <\/div>\r\n    <div class=\"element element_1680559415617  excerpt \">\r\n        \u00abLicht\u00bb ... ist das Gef\u00fchl des Raums. Wie unabh\u00e4ngiges Lichtdesign mehr Wirkung und weniger Kompromisse schafft.\u00a0Mit\u00a0Angelika Shaba Dreher, Lichtdesignerin und K\u00fcnstlerin aus Schaffhausen.            <\/div>\r\n    <\/div>\n  <\/div><div class=\"item item-6347 skin flat even 4 \">\n        <div class=\"layer-wrapper layout-4103\">\n          <div class=\"element element_1680559246507  thumb_link \">\r\n                    <a target=\"_self\" href=\"https:\/\/www.sch-ar-f.ch\/?p=6347\"><img decoding=\"async\"\r\n                    alt=\"\" src=\"https:\/\/www.sch-ar-f.ch\/wp-content\/uploads\/2026\/01\/Button_SCHARF_SAM_wohnen_absage-768x570.jpg\"><\/a>\r\n            <\/div>\r\n    <div class=\"element element_1680559362865  categories \">\r\n        <a target=\"_self\" href=\"https:\/\/www.sch-ar-f.ch\/?cat=1\">FOKUS<\/a><a target=\"_self\" href=\"https:\/\/www.sch-ar-f.ch\/?cat=14\">Veranstaltungen<\/a>    <\/div>\r\n    <div class=\"element element_1680559383601  title \">\r\n                    <a target=\"_self\"\r\n                href=\"https:\/\/www.sch-ar-f.ch\/?p=6347\">Exkursion ins S AM Basel \u2039Wohnen f\u00fcrs Wohnen\u203a<\/a>\r\n            <\/div>\r\n    <div class=\"element element_1680559415617  excerpt \">\r\n        SCHARF organisiert eine Exkursion nach Basel ins Schweizerische Architekturmuseum S AM. Die Ausstellung \u2039Wohnen f\u00fcrs Wohnen: Schweizer Wohnbaugenossenschaften als Labor des Zusammenlebens\u203a zeigt, wie genossenschaftliche Modelle neue Antworten auf aktuelle Fragen entwickelt.            <\/div>\r\n    <\/div>\n  <\/div><div class=\"item item-6247 skin flat odd 5 \">\n        <div class=\"layer-wrapper layout-4103\">\n          <div class=\"element element_1680559246507  thumb_link \">\r\n                    <a target=\"_self\" href=\"https:\/\/www.sch-ar-f.ch\/?p=6247\"><img decoding=\"async\"\r\n                    alt=\"\" src=\"https:\/\/www.sch-ar-f.ch\/wp-content\/uploads\/2025\/11\/Button-pecha-kucha-scharf-2025-save-the-date-768x570.jpg\"><\/a>\r\n            <\/div>\r\n    <div class=\"element element_1680559362865  categories \">\r\n        <a target=\"_self\" href=\"https:\/\/www.sch-ar-f.ch\/?cat=1\">FOKUS<\/a><a target=\"_self\" href=\"https:\/\/www.sch-ar-f.ch\/?cat=14\">Veranstaltungen<\/a>    <\/div>\r\n    <div class=\"element element_1680559383601  title \">\r\n                    <a target=\"_self\"\r\n                href=\"https:\/\/www.sch-ar-f.ch\/?p=6247\">\u00abPecha-Kucha\u00bb Wer plant die Planung?<\/a>\r\n            <\/div>\r\n    <div class=\"element element_1680559415617  excerpt \">\r\n        Wie jeden Dezember veranstalten wir auch dieses Jahr wieder den Jahresabschluss in Form von acht \"Pecha Kucha\" Vortr\u00e4gen. Save the Date: 04. Dezember 2025 im Tap Tab Schaffhausen.            <\/div>\r\n    <\/div>\n  <\/div>    <\/div>\n    <div class=\"pagination\">\n      <div class=\"paginate\">\n    <span aria-current=\"page\" class=\"page-numbers current\">1<\/span>\n<a class=\"page-numbers\" href=\"https:\/\/www.sch-ar-f.ch\/index.php?rest_route=%2Fwp%2Fv2%2Fpages%2F4116&#038;paged=2\">2<\/a>\n<a class=\"page-numbers\" href=\"https:\/\/www.sch-ar-f.ch\/index.php?rest_route=%2Fwp%2Fv2%2Fpages%2F4116&#038;paged=3\">3<\/a>\n<span class=\"page-numbers dots\">&hellip;<\/span>\n<a class=\"page-numbers\" href=\"https:\/\/www.sch-ar-f.ch\/index.php?rest_route=%2Fwp%2Fv2%2Fpages%2F4116&#038;paged=19\">19<\/a>\n<a class=\"next page-numbers\" href=\"https:\/\/www.sch-ar-f.ch\/index.php?rest_route=%2Fwp%2Fv2%2Fpages%2F4116&#038;paged=2\">&gt;<\/a>  <\/div>\n  <style type=\"text\/css\">\n    #post-grid-4104 .pagination .page-numbers {\n      font-size: 18px;\n      color: #4477aa;\n      background: #ffffff;\n    }\n\n    #post-grid-4104 .pagination .page-numbers:hover,\n    #post-grid-4104 .pagination .page-numbers.current {\n      background: #ffffff;\n    }\n  <\/style>\n  <\/div>\n    <style type=\"text\/css\">\r\n        .layout-4103 .element_1680559246507 {\r\n            overflow: hidden;\r\n                    }\r\n\r\n        .layout-4103 .element_1680559246507 img {\r\n            max-width: 100%;\r\n            height: auto;\r\n        }\r\n\r\n        @media only screen and (min-width: 1024px) {\r\n            .layout-4103 .element_1680559246507 {\r\n                            }\r\n        }\r\n\r\n        @media only screen and (min-width: 768px) and (max-width: 1023px) {\r\n            .layout-4103 .element_1680559246507 {\r\n                            }\r\n        }\r\n\r\n        @media only screen and (min-width: 0px) and (max-width: 767px) {\r\n            .layout-4103 .element_1680559246507 {\r\n                            }\r\n        }\r\n    <\/style>\r\n    <style type=\"text\/css\">\r\n        .layout-4103 .element_1680559362865 {\r\n            color: #777777;\r\n            text-align: left;\r\n                    }\r\n\r\n        .layout-4103 .element_1680559362865 a {\r\n            color: #777777;\r\n                    }\r\n\r\n            <\/style>\r\n    <style type=\"text\/css\">\r\n        .layout-4103 .element_1680559383601 {\r\n            color: #222222;\r\n            font-size: 22px;\r\n            font-family: Alata;\r\n            margin: 0 0px 7px 0;\r\n            text-align: left;\r\n                    }\r\n\r\n        .layout-4103 .element_1680559383601 a {\r\n            color: #222222;\r\n            font-size: 22px;\r\n            font-family: Alata;\r\n            margin: 0 0px 7px 0;\r\n            text-align: left;\r\n                    }\r\n    <\/style>\r\n    <style type=\"text\/css\">\r\n        .layout-4103 .element_1680559415617 {\r\n            font-size: 18px;\r\n            margin: 0px 0px 0px 0px;\r\n            text-align: left;\r\n                    }\r\n\r\n        .layout-4103 .element_1680559415617 a {\r\n            font-size: 18px;\r\n                    }\r\n    <\/style>\r\n      <script>\n          <\/script>\n    <style type=\"text\/css\">\n    #post-grid-4104 {\n      padding: 0px;\n          }\n\n    #post-grid-4104 .item {\n      padding: 0px 0px 0px 0px;\n      background: #fff;\n          }\n\n    #post-grid-4104 .item .layer-media {\n      height:auto;    }\n\n    @media only screen and (min-width: 0px) and (max-width: 767px) {\n      #post-grid-4104 .grid-items {\n        text-align: left;\n              }\n\n      #post-grid-4104 .item {\n        width: 100%;\n        margin: 0px;\n        display: inline-block;\n        vertical-align: top;\n        height:auto;      }\n    }\n\n    @media only screen and (min-width: 768px) and (max-width: 1023px) {\n      #post-grid-4104 .grid-items {\n        text-align: left;\n              }\n\n      #post-grid-4104 .item {\n        width: 100%;\n        margin: 0px;\n        display: inline-block;\n        vertical-align: top;\n        max-height:auto;      }\n    }\n\n    @media only screen and (min-width: 1024px) {\n      #post-grid-4104 .grid-items {\n        text-align: left;\n              }\n\n      #post-grid-4104 .item {\n        width: 49%;\n        display: inline-block;\n        margin: 0px;\n        vertical-align: top;\n        height:auto;      }\n    }\n\n      <\/style>\n  <\/div>\n\n","protected":false},"excerpt":{"rendered":"","protected":false},"author":1,"featured_media":0,"parent":0,"menu_order":0,"comment_status":"closed","ping_status":"closed","template":"","meta":{"footnotes":""},"class_list":["post-4116","page","type-page","status-publish","hentry"],"_links":{"self":[{"href":"https:\/\/www.sch-ar-f.ch\/index.php?rest_route=\/wp\/v2\/pages\/4116","targetHints":{"allow":["GET"]}}],"collection":[{"href":"https:\/\/www.sch-ar-f.ch\/index.php?rest_route=\/wp\/v2\/pages"}],"about":[{"href":"https:\/\/www.sch-ar-f.ch\/index.php?rest_route=\/wp\/v2\/types\/page"}],"author":[{"embeddable":true,"href":"https:\/\/www.sch-ar-f.ch\/index.php?rest_route=\/wp\/v2\/users\/1"}],"replies":[{"embeddable":true,"href":"https:\/\/www.sch-ar-f.ch\/index.php?rest_route=%2Fwp%2Fv2%2Fcomments&post=4116"}],"version-history":[{"count":2,"href":"https:\/\/www.sch-ar-f.ch\/index.php?rest_route=\/wp\/v2\/pages\/4116\/revisions"}],"predecessor-version":[{"id":4119,"href":"https:\/\/www.sch-ar-f.ch\/index.php?rest_route=\/wp\/v2\/pages\/4116\/revisions\/4119"}],"wp:attachment":[{"href":"https:\/\/www.sch-ar-f.ch\/index.php?rest_route=%2Fwp%2Fv2%2Fmedia&parent=4116"}],"curies":[{"name":"wp","href":"https:\/\/api.w.org\/{rel}","templated":true}]}}